{"id":304,"date":"2023-10-11T11:21:35","date_gmt":"2023-10-11T09:21:35","guid":{"rendered":"https:\/\/preview.ines-thomsen.com\/?page_id=304"},"modified":"2023-11-22T14:12:20","modified_gmt":"2023-11-22T13:12:20","slug":"contact","status":"publish","type":"page","link":"http:\/\/ines-thomsen.com\/en\/contact\/","title":{"rendered":"Contact"},"content":{"rendered":"<div data-elementor-type=\"wp-page\" data-elementor-id=\"304\" class=\"elementor elementor-304\" data-elementor-post-type=\"page\">\n\t\t\t\t<div class=\"elementor-element elementor-element-188c4ac e-flex e-con-boxed e-con e-parent\" data-id=\"188c4ac\" data-element_type=\"container\">\n\t\t\t\t\t<div class=\"e-con-inner\">\n\t\t\t\t<div class=\"elementor-element elementor-element-3f8f4d5 elementor-widget elementor-widget-heading\" data-id=\"3f8f4d5\" data-element_type=\"widget\" data-widget_type=\"heading.default\">\n\t\t\t\t<div class=\"elementor-widget-container\">\n\t\t\t\t\t<h1 class=\"elementor-heading-title elementor-size-default\">Contact<\/h1>\t\t\t\t<\/div>\n\t\t\t\t<\/div>\n\t\t\t\t<div class=\"elementor-element elementor-element-a3e2749 elementor-widget elementor-widget-text-editor\" data-id=\"a3e2749\" data-element_type=\"widget\" data-widget_type=\"text-editor.default\">\n\t\t\t\t<div class=\"elementor-widget-container\">\n\t\t\t\t\t\t\t\t\t<p>A rewarding collaboration always begins with a simple hello.\u00a0<\/p>\t\t\t\t\t\t\t\t<\/div>\n\t\t\t\t<\/div>\n\t\t\t\t\t<\/div>\n\t\t\t\t<\/div>\n\t\t<div class=\"elementor-element elementor-element-f1a572c e-flex e-con-boxed e-con e-parent\" data-id=\"f1a572c\" data-element_type=\"container\">\n\t\t\t\t\t<div class=\"e-con-inner\">\n\t\t<div class=\"elementor-element elementor-element-31a2db5 e-con-full e-flex e-con e-child\" data-id=\"31a2db5\" data-element_type=\"container\">\n\t\t\t\t<div class=\"elementor-element elementor-element-ed0c73e elementor-align-left elementor-icon-list--layout-traditional elementor-list-item-link-full_width elementor-widget elementor-widget-icon-list\" data-id=\"ed0c73e\" data-element_type=\"widget\" data-widget_type=\"icon-list.default\">\n\t\t\t\t<div class=\"elementor-widget-container\">\n\t\t\t\t\t\t\t<ul class=\"elementor-icon-list-items\">\n\t\t\t\t\t\t\t<li class=\"elementor-icon-list-item\">\n\t\t\t\t\t\t\t\t\t\t\t<a href=\"https:\/\/www.instagram.com\/ines.thomsen\/\">\n\n\t\t\t\t\t\t\t\t\t\t\t\t<span class=\"elementor-icon-list-icon\">\n\t\t\t\t\t\t\t<i aria-hidden=\"true\" class=\"fab fa-instagram\"><\/i>\t\t\t\t\t\t<\/span>\n\t\t\t\t\t\t\t\t\t\t<span class=\"elementor-icon-list-text\">Ines Thomsen<\/span>\n\t\t\t\t\t\t\t\t\t\t\t<\/a>\n\t\t\t\t\t\t\t\t\t<\/li>\n\t\t\t\t\t\t\t\t<li class=\"elementor-icon-list-item\">\n\t\t\t\t\t\t\t\t\t\t\t<a href=\"https:\/\/www.mietstudio-linz.at\/\">\n\n\t\t\t\t\t\t\t\t\t\t\t\t<span class=\"elementor-icon-list-icon\">\n\t\t\t\t\t\t\t<i aria-hidden=\"true\" class=\"fas fa-map-pin\"><\/i>\t\t\t\t\t\t<\/span>\n\t\t\t\t\t\t\t\t\t\t<span class=\"elementor-icon-list-text\">Mietstudio Linz  <\/br> Ferdinand-Markl-Stra\u00dfe 5 <\/br> 4020 Linz <\/br> \u00d6sterreich<\/span>\n\t\t\t\t\t\t\t\t\t\t\t<\/a>\n\t\t\t\t\t\t\t\t\t<\/li>\n\t\t\t\t\t\t\t\t<li class=\"elementor-icon-list-item\">\n\t\t\t\t\t\t\t\t\t\t\t<a href=\"tel:+4369919022525\">\n\n\t\t\t\t\t\t\t\t\t\t\t\t<span class=\"elementor-icon-list-icon\">\n\t\t\t\t\t\t\t<i aria-hidden=\"true\" class=\"fas fa-phone-alt\"><\/i>\t\t\t\t\t\t<\/span>\n\t\t\t\t\t\t\t\t\t\t<span class=\"elementor-icon-list-text\">+43 (699) 190 225 25<\/span>\n\t\t\t\t\t\t\t\t\t\t\t<\/a>\n\t\t\t\t\t\t\t\t\t<\/li>\n\t\t\t\t\t\t\t\t<li class=\"elementor-icon-list-item\">\n\t\t\t\t\t\t\t\t\t\t\t<a href=\"mailto:office@ines-thomsen.com\">\n\n\t\t\t\t\t\t\t\t\t\t\t\t<span class=\"elementor-icon-list-icon\">\n\t\t\t\t\t\t\t<i aria-hidden=\"true\" class=\"far fa-envelope\"><\/i>\t\t\t\t\t\t<\/span>\n\t\t\t\t\t\t\t\t\t\t<span class=\"elementor-icon-list-text\">office@ines-thomsen.com<\/span>\n\t\t\t\t\t\t\t\t\t\t\t<\/a>\n\t\t\t\t\t\t\t\t\t<\/li>\n\t\t\t\t\t\t<\/ul>\n\t\t\t\t\t\t<\/div>\n\t\t\t\t<\/div>\n\t\t\t\t<\/div>\n\t\t<div class=\"elementor-element elementor-element-f57c606 e-con-full e-flex e-con e-child\" data-id=\"f57c606\" data-element_type=\"container\">\n\t\t\t\t<div class=\"elementor-element elementor-element-cc314e3 elementor-hidden-desktop elementor-hidden-tablet elementor-widget elementor-widget-spacer\" data-id=\"cc314e3\" data-element_type=\"widget\" data-widget_type=\"spacer.default\">\n\t\t\t\t<div class=\"elementor-widget-container\">\n\t\t\t\t\t\t\t<div class=\"elementor-spacer\">\n\t\t\t<div class=\"elementor-spacer-inner\"><\/div>\n\t\t<\/div>\n\t\t\t\t\t\t<\/div>\n\t\t\t\t<\/div>\n\t\t\t\t<div class=\"elementor-element elementor-element-2729bdc elementor-widget elementor-widget-shortcode\" data-id=\"2729bdc\" data-element_type=\"widget\" data-widget_type=\"shortcode.default\">\n\t\t\t\t<div class=\"elementor-widget-container\">\n\t\t\t\t\t\t\t<div class=\"elementor-shortcode\">\n<div class=\"wpcf7 no-js\" id=\"wpcf7-f8-o1\" lang=\"de-AT\" dir=\"ltr\" data-wpcf7-id=\"8\">\n<div class=\"screen-reader-response\"><p role=\"status\" aria-live=\"polite\" aria-atomic=\"true\"><\/p> <ul><\/ul><\/div>\n<form action=\"\/en\/wp-json\/wp\/v2\/pages\/304#wpcf7-f8-o1\" method=\"post\" class=\"wpcf7-form init\" aria-label=\"Contact form\" novalidate=\"novalidate\" data-status=\"init\" data-trp-original-action=\"\/en\/wp-json\/wp\/v2\/pages\/304#wpcf7-f8-o1\">\n<fieldset class=\"hidden-fields-container\"><input type=\"hidden\" name=\"_wpcf7\" value=\"8\" \/><input type=\"hidden\" name=\"_wpcf7_version\" value=\"6.1.4\" \/><input type=\"hidden\" name=\"_wpcf7_locale\" value=\"de_AT\" \/><input type=\"hidden\" name=\"_wpcf7_unit_tag\" value=\"wpcf7-f8-o1\" \/><input type=\"hidden\" name=\"_wpcf7_container_post\" value=\"0\" \/><input type=\"hidden\" name=\"_wpcf7_posted_data_hash\" value=\"\" \/>\n<\/fieldset>\n<p>Name <span class=\"wpcf7-form-control-wrap\" data-name=\"text-559\"><input size=\"40\" maxlength=\"400\" class=\"wpcf7-form-control wpcf7-text wpcf7-validates-as-required cf7-dein-name\" id=\"cf7-dein-name\" aria-required=\"true\" aria-invalid=\"false\" value=\"\" type=\"text\" name=\"text-559\" \/><\/span>\n<\/p>\n<p>Mail <span class=\"wpcf7-form-control-wrap\" data-name=\"email-130\"><input size=\"40\" maxlength=\"400\" class=\"wpcf7-form-control wpcf7-email wpcf7-validates-as-required wpcf7-text wpcf7-validates-as-email cf7-mail\" id=\"cf7-mail\" aria-required=\"true\" aria-invalid=\"false\" value=\"\" type=\"email\" name=\"email-130\" \/><\/span>\n<\/p>\n<p>Subject <span class=\"wpcf7-form-control-wrap\" data-name=\"text-229\"><input size=\"40\" maxlength=\"400\" class=\"wpcf7-form-control wpcf7-text wpcf7-validates-as-required cf7-betreff\" id=\"cf7-betreff\" aria-required=\"true\" aria-invalid=\"false\" value=\"\" type=\"text\" name=\"text-229\" \/><\/span>\n<\/p>\n<p>Your Message <span class=\"wpcf7-form-control-wrap\" data-name=\"textarea-309\"><textarea cols=\"40\" rows=\"10\" maxlength=\"2000\" class=\"wpcf7-form-control wpcf7-textarea wpcf7-validates-as-required cf7-nachricht\" id=\"cf7-nachricht\" aria-required=\"true\" aria-invalid=\"false\" name=\"textarea-309\"><\/textarea><\/span>\n<\/p>\n<p><input class=\"wpcf7-form-control wpcf7-submit has-spinner\" id=\"cf7-senden\" type=\"submit\" value=\"Send\" \/>\n<\/p><div class=\"wpcf7-response-output\" aria-hidden=\"true\"><\/div>\n<input type=\"hidden\" name=\"trp-form-language\" value=\"en\"\/><\/form>\n<\/div>\n<\/div>\n\t\t\t\t\t\t<\/div>\n\t\t\t\t<\/div>\n\t\t\t\t<\/div>\n\t\t\t\t\t<\/div>\n\t\t\t\t<\/div>\n\t\t\t\t<\/div>","protected":false},"excerpt":{"rendered":"<p>Contact Eine bereichernde Zusammenarbeit beginnt immer mit einem einfachen Hallo.\u00a0 Ines Thomsen Mietstudio Linz Ferdinand-Markl-Stra\u00dfe 5 4020 Linz \u00d6sterreich +43 (699) 190 225 25 office@ines-thomsen.com<\/p>","protected":false},"author":1,"featured_media":0,"parent":0,"menu_order":0,"comment_status":"closed","ping_status":"closed","template":"","meta":{"footnotes":""},"class_list":["post-304","page","type-page","status-publish","hentry"],"yoast_head":"<!-- This site is optimized with the Yoast SEO plugin v26.6 - https:\/\/yoast.com\/wordpress\/plugins\/seo\/ -->\n<title>Contact - Thomsen Photography<\/title>\n<meta name=\"description\" content=\"Contact me! Ich freue mich darauf, von Ihnen zu h\u00f6ren und stehe f\u00fcr alle Projekte und Kooperationsm\u00f6glichkeiten zur Verf\u00fcgung.\" \/>\n<meta name=\"robots\" content=\"index, follow, max-snippet:-1, max-image-preview:large, max-video-preview:-1\" \/>\n<link rel=\"canonical\" href=\"https:\/\/ines-thomsen.com\/en\/contact\/\" \/>\n<meta property=\"og:locale\" content=\"en_US\" \/>\n<meta property=\"og:type\" content=\"article\" \/>\n<meta property=\"og:title\" content=\"Contact - Thomsen Photography\" \/>\n<meta property=\"og:description\" content=\"Contact me! Ich freue mich darauf, von Ihnen zu h\u00f6ren und stehe f\u00fcr alle Projekte und Kooperationsm\u00f6glichkeiten zur Verf\u00fcgung.\" \/>\n<meta property=\"og:url\" content=\"https:\/\/ines-thomsen.com\/en\/contact\/\" \/>\n<meta property=\"og:site_name\" content=\"Thomsen Photography\" \/>\n<meta property=\"article:modified_time\" content=\"2023-11-22T13:12:20+00:00\" \/>\n<meta name=\"twitter:card\" content=\"summary_large_image\" \/>\n<meta name=\"twitter:label1\" content=\"Est. reading time\" \/>\n\t<meta name=\"twitter:data1\" content=\"1 minute\" \/>\n<script type=\"application\/ld+json\" class=\"yoast-schema-graph\">{\"@context\":\"https:\/\/schema.org\",\"@graph\":[{\"@type\":\"WebPage\",\"@id\":\"https:\/\/ines-thomsen.com\/contact\/\",\"url\":\"https:\/\/ines-thomsen.com\/contact\/\",\"name\":\"Contact - Thomsen Photography\",\"isPartOf\":{\"@id\":\"https:\/\/ines-thomsen.com\/#website\"},\"datePublished\":\"2023-10-11T09:21:35+00:00\",\"dateModified\":\"2023-11-22T13:12:20+00:00\",\"description\":\"Contact me! Ich freue mich darauf, von Ihnen zu h\u00f6ren und stehe f\u00fcr alle Projekte und Kooperationsm\u00f6glichkeiten zur Verf\u00fcgung.\",\"breadcrumb\":{\"@id\":\"https:\/\/ines-thomsen.com\/contact\/#breadcrumb\"},\"inLanguage\":\"en-US\",\"potentialAction\":[{\"@type\":\"ReadAction\",\"target\":[\"https:\/\/ines-thomsen.com\/contact\/\"]}]},{\"@type\":\"BreadcrumbList\",\"@id\":\"https:\/\/ines-thomsen.com\/contact\/#breadcrumb\",\"itemListElement\":[{\"@type\":\"ListItem\",\"position\":1,\"name\":\"Startseite\",\"item\":\"https:\/\/ines-thomsen.com\/\"},{\"@type\":\"ListItem\",\"position\":2,\"name\":\"Contact\"}]},{\"@type\":\"WebSite\",\"@id\":\"https:\/\/ines-thomsen.com\/#website\",\"url\":\"https:\/\/ines-thomsen.com\/\",\"name\":\"Thomsen Photography\",\"description\":\"Everything has its beauty\",\"publisher\":{\"@id\":\"https:\/\/ines-thomsen.com\/#organization\"},\"potentialAction\":[{\"@type\":\"SearchAction\",\"target\":{\"@type\":\"EntryPoint\",\"urlTemplate\":\"https:\/\/ines-thomsen.com\/?s={search_term_string}\"},\"query-input\":{\"@type\":\"PropertyValueSpecification\",\"valueRequired\":true,\"valueName\":\"search_term_string\"}}],\"inLanguage\":\"en-US\"},{\"@type\":\"Organization\",\"@id\":\"https:\/\/ines-thomsen.com\/#organization\",\"name\":\"Thomsen Photography\",\"url\":\"https:\/\/ines-thomsen.com\/\",\"logo\":{\"@type\":\"ImageObject\",\"inLanguage\":\"en-US\",\"@id\":\"https:\/\/ines-thomsen.com\/#\/schema\/logo\/image\/\",\"url\":\"https:\/\/ines-thomsen.com\/wp-content\/uploads\/2023\/11\/iTh_Logo-1.svg\",\"contentUrl\":\"https:\/\/ines-thomsen.com\/wp-content\/uploads\/2023\/11\/iTh_Logo-1.svg\",\"width\":708,\"height\":708,\"caption\":\"Thomsen Photography\"},\"image\":{\"@id\":\"https:\/\/ines-thomsen.com\/#\/schema\/logo\/image\/\"}}]}<\/script>\n<!-- \/ Yoast SEO plugin. -->","yoast_head_json":{"title":"Contact - Thomsen Photography","description":"Contact me! Ich freue mich darauf, von Ihnen zu h\u00f6ren und stehe f\u00fcr alle Projekte und Kooperationsm\u00f6glichkeiten zur Verf\u00fcgung.","robots":{"index":"index","follow":"follow","max-snippet":"max-snippet:-1","max-image-preview":"max-image-preview:large","max-video-preview":"max-video-preview:-1"},"canonical":"https:\/\/ines-thomsen.com\/en\/contact\/","og_locale":"en_US","og_type":"article","og_title":"Contact - Thomsen Photography","og_description":"Contact me! Ich freue mich darauf, von Ihnen zu h\u00f6ren und stehe f\u00fcr alle Projekte und Kooperationsm\u00f6glichkeiten zur Verf\u00fcgung.","og_url":"https:\/\/ines-thomsen.com\/en\/contact\/","og_site_name":"Thomsen Photography","article_modified_time":"2023-11-22T13:12:20+00:00","twitter_card":"summary_large_image","twitter_misc":{"Est. reading time":"1 minute"},"schema":{"@context":"https:\/\/schema.org","@graph":[{"@type":"WebPage","@id":"https:\/\/ines-thomsen.com\/contact\/","url":"https:\/\/ines-thomsen.com\/contact\/","name":"Contact - Thomsen Photography","isPartOf":{"@id":"https:\/\/ines-thomsen.com\/#website"},"datePublished":"2023-10-11T09:21:35+00:00","dateModified":"2023-11-22T13:12:20+00:00","description":"Contact me! Ich freue mich darauf, von Ihnen zu h\u00f6ren und stehe f\u00fcr alle Projekte und Kooperationsm\u00f6glichkeiten zur Verf\u00fcgung.","breadcrumb":{"@id":"https:\/\/ines-thomsen.com\/contact\/#breadcrumb"},"inLanguage":"en-US","potentialAction":[{"@type":"ReadAction","target":["https:\/\/ines-thomsen.com\/contact\/"]}]},{"@type":"BreadcrumbList","@id":"https:\/\/ines-thomsen.com\/contact\/#breadcrumb","itemListElement":[{"@type":"ListItem","position":1,"name":"Startseite","item":"https:\/\/ines-thomsen.com\/"},{"@type":"ListItem","position":2,"name":"Contact"}]},{"@type":"WebSite","@id":"https:\/\/ines-thomsen.com\/#website","url":"https:\/\/ines-thomsen.com\/","name":"Thomsen Photography","description":"Everything has its beauty","publisher":{"@id":"https:\/\/ines-thomsen.com\/#organization"},"potentialAction":[{"@type":"SearchAction","target":{"@type":"EntryPoint","urlTemplate":"https:\/\/ines-thomsen.com\/?s={search_term_string}"},"query-input":{"@type":"PropertyValueSpecification","valueRequired":true,"valueName":"search_term_string"}}],"inLanguage":"en-US"},{"@type":"Organization","@id":"https:\/\/ines-thomsen.com\/#organization","name":"Thomsen Photography","url":"https:\/\/ines-thomsen.com\/","logo":{"@type":"ImageObject","inLanguage":"en-US","@id":"https:\/\/ines-thomsen.com\/#\/schema\/logo\/image\/","url":"https:\/\/ines-thomsen.com\/wp-content\/uploads\/2023\/11\/iTh_Logo-1.svg","contentUrl":"https:\/\/ines-thomsen.com\/wp-content\/uploads\/2023\/11\/iTh_Logo-1.svg","width":708,"height":708,"caption":"Thomsen Photography"},"image":{"@id":"https:\/\/ines-thomsen.com\/#\/schema\/logo\/image\/"}}]}},"_links":{"self":[{"href":"http:\/\/ines-thomsen.com\/en\/wp-json\/wp\/v2\/pages\/304","targetHints":{"allow":["GET"]}}],"collection":[{"href":"http:\/\/ines-thomsen.com\/en\/wp-json\/wp\/v2\/pages"}],"about":[{"href":"http:\/\/ines-thomsen.com\/en\/wp-json\/wp\/v2\/types\/page"}],"author":[{"embeddable":true,"href":"http:\/\/ines-thomsen.com\/en\/wp-json\/wp\/v2\/users\/1"}],"replies":[{"embeddable":true,"href":"http:\/\/ines-thomsen.com\/en\/wp-json\/wp\/v2\/comments?post=304"}],"version-history":[{"count":38,"href":"http:\/\/ines-thomsen.com\/en\/wp-json\/wp\/v2\/pages\/304\/revisions"}],"predecessor-version":[{"id":1771,"href":"http:\/\/ines-thomsen.com\/en\/wp-json\/wp\/v2\/pages\/304\/revisions\/1771"}],"wp:attachment":[{"href":"http:\/\/ines-thomsen.com\/en\/wp-json\/wp\/v2\/media?parent=304"}],"curies":[{"name":"wp","href":"https:\/\/api.w.org\/{rel}","templated":true}]}}